{"id":94,"date":"2024-03-05T12:35:32","date_gmt":"2024-03-05T12:35:32","guid":{"rendered":"https:\/\/www.istrix.be\/wordpress\/?page_id=94"},"modified":"2024-03-29T08:44:59","modified_gmt":"2024-03-29T08:44:59","slug":"cookie-en-privacybeleid","status":"publish","type":"page","link":"https:\/\/www.istrix.be\/fr\/index.php\/cookie-en-privacybeleid\/","title":{"rendered":"Politique en mati\u00e8re de cookies et de protection de la vie priv\u00e9e"},"content":{"rendered":"\n<p>\u2014\u2014\u2014\u2014<\/p>\n\n\n\n<p>Cette politique a \u00e9t\u00e9 publi\u00e9e le 29 d\u00e9cembre 2023. Chez iStrix, nous comprenons l&#8217;importance que vous accordez \u00e0 votre vie priv\u00e9e. Dans cette d\u00e9claration, nous expliquons quelles donn\u00e9es nous collectons lorsque vous visitez notre site web, pourquoi nous le faisons et comment nous utilisons ces informations pour am\u00e9liorer votre exp\u00e9rience. Vous saurez ainsi clairement comment nous travaillons.<\/p>\n\n\n\n<p>Cette politique s&#8217;applique \u00e0 tous les services iStrix. Nous insistons sur le fait que iStrix n&#8217;est pas responsable des politiques de confidentialit\u00e9 des autres sites web ou ressources auxquels vous acc\u00e9dez par l&#8217;interm\u00e9diaire de notre site. En utilisant notre site web, vous marquez votre accord avec cette politique.<\/p>\n\n\n\n<p><strong>Notre engagement<\/strong><\/p>\n\n\n\n<p>Chez iStrix, nous respectons la vie priv\u00e9e de tous les visiteurs et veillons \u00e0 ce que toutes les informations personnelles restent confidentielles. Vos donn\u00e9es ne seront pas vendues, \u00e9chang\u00e9es ou partag\u00e9es avec des tiers.<\/p>\n\n\n\n<p><strong>Comment nous utilisons vos donn\u00e9es<\/strong><\/p>\n\n\n\n<p>Lorsque vous utilisez nos services, nous pouvons vous demander de fournir des informations personnelles. Ces donn\u00e9es nous aident \u00e0 fournir nos services et sont stock\u00e9es sur nos serveurs s\u00e9curis\u00e9s ou ceux de nos partenaires. Vos donn\u00e9es ne seront jamais combin\u00e9es avec d&#8217;autres sources d&#8217;information ni revendues.<\/p>\n\n\n\n<p><strong>Communication avec nous<\/strong><\/p>\n\n\n\n<p>Si vous nous envoyez des courriels ou des messages par d&#8217;autres canaux, nous pouvons stocker ces communications afin de mieux vous servir. Vos donn\u00e9es sont stock\u00e9es en toute s\u00e9curit\u00e9 et ne sont pas associ\u00e9es \u00e0 d&#8217;autres informations personnelles.<\/p>\n\n\n\n<p><strong>Cookies et analyse du site web<\/strong><\/p>\n\n\n\n<p>Pour comprendre comment les visiteurs utilisent notre site web, nous utilisons des cookies. Ces cookies nous aident \u00e0 optimiser le site web et \u00e0 g\u00e9n\u00e9rer des rapports sur l&#8217;activit\u00e9 du site \u00e0 l&#8217;aide d&#8217;outils tels que Google Analytics.<\/p>\n\n\n\n<p><strong>Objectif de la collecte de donn\u00e9es<\/strong><\/p>\n\n\n\n<p>Nous collectons et utilisons vos donn\u00e9es uniquement aux fins d\u00e9crites dans la pr\u00e9sente politique, sauf si nous avons obtenu votre consentement pr\u00e9alable \u00e0 d&#8217;autres fins.<\/p>\n\n\n\n<p><strong>Partage des donn\u00e9es<\/strong><\/p>\n\n\n\n<p>Nous ne partageons pas vos informations avec des tiers, sauf si cela est n\u00e9cessaire pour nos services ou exig\u00e9 par la loi.<\/p>\n\n\n\n<p><strong>Modifications de la pr\u00e9sente politique<\/strong><\/p>\n\n\n\n<p>Toute modification de notre site web ou de nos services peut entra\u00eener une mise \u00e0 jour de la pr\u00e9sente politique. Nous vous encourageons donc \u00e0 consulter r\u00e9guli\u00e8rement cette politique.<\/p>\n\n\n\n<p><strong>Vos droits<\/strong><\/p>\n\n\n\n<p>Vous avez le droit d&#8217;acc\u00e9der \u00e0 vos donn\u00e9es personnelles, de les corriger ou de les supprimer. Si vous avez des questions concernant vos donn\u00e9es ou la pr\u00e9sente politique, veuillez nous contacter :<\/p>\n\n\n\n<p><strong>iStrix BV<\/strong><\/p>\n\n\n\n<p>Oudenaardsesteenweg 397<br>8581 Avelgem<br>(0032) 472 66 34 42<\/p>\n","protected":false},"excerpt":{"rendered":"<p>\u2014\u2014\u2014\u2014 Cette politique a \u00e9t\u00e9 publi\u00e9e le 29 d\u00e9cembre 2023. Chez iStrix, nous comprenons l&#8217;importance que vous accordez \u00e0 votre vie priv\u00e9e. Dans cette d\u00e9claration, nous expliquons quelles donn\u00e9es nous collectons lorsque vous visitez notre site web, pourquoi nous le faisons et comment nous utilisons ces informations pour am\u00e9liorer votre exp\u00e9rience. Vous saurez ainsi clairement &hellip; <\/p>\n<p class=\"link-more\"><a href=\"https:\/\/www.istrix.be\/fr\/index.php\/cookie-en-privacybeleid\/\" class=\"more-link\">Lees meer<span class=\"screen-reader-text\"> &#8220;Politique en mati\u00e8re de cookies et de protection de la vie priv\u00e9e&#8221;<\/span><\/a><\/p>\n","protected":false},"author":1,"featured_media":0,"parent":0,"menu_order":0,"comment_status":"closed","ping_status":"closed","template":"","meta":{"footnotes":""},"class_list":["post-94","page","type-page","status-publish","hentry"],"yoast_head":"<!-- This site is optimized with the Yoast SEO plugin v22.1 - https:\/\/yoast.com\/wordpress\/plugins\/seo\/ -->\r\n<title>Politique en mati\u00e8re de cookies et de protection de la vie priv\u00e9e - iStrix<\/title>\r\n<meta name=\"robots\" content=\"noindex, follow, max-snippet:-1, max-image-preview:large, max-video-preview:-1\" \/>\r\n<meta property=\"og:locale\" content=\"nl_NL\" \/>\r\n<meta property=\"og:type\" content=\"article\" \/>\r\n<meta property=\"og:title\" content=\"Politique en mati\u00e8re de cookies et de protection de la vie priv\u00e9e - iStrix\" \/>\r\n<meta property=\"og:description\" content=\"\u2014\u2014\u2014\u2014 Cette politique a \u00e9t\u00e9 publi\u00e9e le 29 d\u00e9cembre 2023. Chez iStrix, nous comprenons l&#8217;importance que vous accordez \u00e0 votre vie priv\u00e9e. Dans cette d\u00e9claration, nous expliquons quelles donn\u00e9es nous collectons lorsque vous visitez notre site web, pourquoi nous le faisons et comment nous utilisons ces informations pour am\u00e9liorer votre exp\u00e9rience. Vous saurez ainsi clairement &hellip; Lees meer &quot;Politique en mati\u00e8re de cookies et de protection de la vie priv\u00e9e&quot;\" \/>\r\n<meta property=\"og:url\" content=\"https:\/\/www.istrix.be\/fr\/index.php\/cookie-en-privacybeleid\/\" \/>\r\n<meta property=\"og:site_name\" content=\"iStrix\" \/>\r\n<meta property=\"article:modified_time\" content=\"2024-03-29T08:44:59+00:00\" \/>\r\n<meta name=\"twitter:card\" content=\"summary_large_image\" \/>\r\n<meta name=\"twitter:label1\" content=\"Geschatte leestijd\" \/>\n\t<meta name=\"twitter:data1\" content=\"3 minuten\" \/>\r\n<script type=\"application\/ld+json\" class=\"yoast-schema-graph\">{\"@context\":\"https:\/\/schema.org\",\"@graph\":[{\"@type\":\"WebPage\",\"@id\":\"https:\/\/www.istrix.be\/fr\/index.php\/cookie-en-privacybeleid\/\",\"url\":\"https:\/\/www.istrix.be\/fr\/index.php\/cookie-en-privacybeleid\/\",\"name\":\"Politique en mati\u00e8re de cookies et de protection de la vie priv\u00e9e - iStrix\",\"isPartOf\":{\"@id\":\"https:\/\/www.istrix.be\/fr\/#website\"},\"datePublished\":\"2024-03-05T12:35:32+00:00\",\"dateModified\":\"2024-03-29T08:44:59+00:00\",\"breadcrumb\":{\"@id\":\"https:\/\/www.istrix.be\/fr\/index.php\/cookie-en-privacybeleid\/#breadcrumb\"},\"inLanguage\":\"nl-NL\",\"potentialAction\":[{\"@type\":\"ReadAction\",\"target\":[\"https:\/\/www.istrix.be\/fr\/index.php\/cookie-en-privacybeleid\/\"]}]},{\"@type\":\"BreadcrumbList\",\"@id\":\"https:\/\/www.istrix.be\/fr\/index.php\/cookie-en-privacybeleid\/#breadcrumb\",\"itemListElement\":[{\"@type\":\"ListItem\",\"position\":1,\"name\":\"Home\",\"item\":\"https:\/\/www.istrix.be\/fr\/\"},{\"@type\":\"ListItem\",\"position\":2,\"name\":\"Politique en mati\u00e8re de cookies et de protection de la vie priv\u00e9e\"}]},{\"@type\":\"WebSite\",\"@id\":\"https:\/\/www.istrix.be\/fr\/#website\",\"url\":\"https:\/\/www.istrix.be\/fr\/\",\"name\":\"iStrix\",\"description\":\"iStrix | Votre partenaire pour la vente de produits de\u00a0bricolage\u00a0!\",\"publisher\":{\"@id\":\"https:\/\/www.istrix.be\/fr\/#organization\"},\"potentialAction\":[{\"@type\":\"SearchAction\",\"target\":{\"@type\":\"EntryPoint\",\"urlTemplate\":\"https:\/\/www.istrix.be\/fr\/?s={search_term_string}\"},\"query-input\":\"required name=search_term_string\"}],\"inLanguage\":\"nl-NL\"},{\"@type\":\"Organization\",\"@id\":\"https:\/\/www.istrix.be\/fr\/#organization\",\"name\":\"iStrix\",\"url\":\"https:\/\/www.istrix.be\/fr\/\",\"logo\":{\"@type\":\"ImageObject\",\"inLanguage\":\"nl-NL\",\"@id\":\"https:\/\/www.istrix.be\/fr\/#\/schema\/logo\/image\/\",\"url\":\"https:\/\/www.istrix.be\/fr\/wp-content\/uploads\/2024\/02\/cropped-icon.png\",\"contentUrl\":\"https:\/\/www.istrix.be\/fr\/wp-content\/uploads\/2024\/02\/cropped-icon.png\",\"width\":776,\"height\":256,\"caption\":\"iStrix\"},\"image\":{\"@id\":\"https:\/\/www.istrix.be\/fr\/#\/schema\/logo\/image\/\"}}]}<\/script>\r\n<!-- \/ Yoast SEO plugin. -->","yoast_head_json":{"title":"Politique en mati\u00e8re de cookies et de protection de la vie priv\u00e9e - iStrix","robots":{"index":"noindex","follow":"follow","max-snippet":"max-snippet:-1","max-image-preview":"max-image-preview:large","max-video-preview":"max-video-preview:-1"},"og_locale":"nl_NL","og_type":"article","og_title":"Politique en mati\u00e8re de cookies et de protection de la vie priv\u00e9e - iStrix","og_description":"\u2014\u2014\u2014\u2014 Cette politique a \u00e9t\u00e9 publi\u00e9e le 29 d\u00e9cembre 2023. Chez iStrix, nous comprenons l&#8217;importance que vous accordez \u00e0 votre vie priv\u00e9e. Dans cette d\u00e9claration, nous expliquons quelles donn\u00e9es nous collectons lorsque vous visitez notre site web, pourquoi nous le faisons et comment nous utilisons ces informations pour am\u00e9liorer votre exp\u00e9rience. Vous saurez ainsi clairement &hellip; Lees meer \"Politique en mati\u00e8re de cookies et de protection de la vie priv\u00e9e\"","og_url":"https:\/\/www.istrix.be\/fr\/index.php\/cookie-en-privacybeleid\/","og_site_name":"iStrix","article_modified_time":"2024-03-29T08:44:59+00:00","twitter_card":"summary_large_image","twitter_misc":{"Geschatte leestijd":"3 minuten"},"schema":{"@context":"https:\/\/schema.org","@graph":[{"@type":"WebPage","@id":"https:\/\/www.istrix.be\/fr\/index.php\/cookie-en-privacybeleid\/","url":"https:\/\/www.istrix.be\/fr\/index.php\/cookie-en-privacybeleid\/","name":"Politique en mati\u00e8re de cookies et de protection de la vie priv\u00e9e - iStrix","isPartOf":{"@id":"https:\/\/www.istrix.be\/fr\/#website"},"datePublished":"2024-03-05T12:35:32+00:00","dateModified":"2024-03-29T08:44:59+00:00","breadcrumb":{"@id":"https:\/\/www.istrix.be\/fr\/index.php\/cookie-en-privacybeleid\/#breadcrumb"},"inLanguage":"nl-NL","potentialAction":[{"@type":"ReadAction","target":["https:\/\/www.istrix.be\/fr\/index.php\/cookie-en-privacybeleid\/"]}]},{"@type":"BreadcrumbList","@id":"https:\/\/www.istrix.be\/fr\/index.php\/cookie-en-privacybeleid\/#breadcrumb","itemListElement":[{"@type":"ListItem","position":1,"name":"Home","item":"https:\/\/www.istrix.be\/fr\/"},{"@type":"ListItem","position":2,"name":"Politique en mati\u00e8re de cookies et de protection de la vie priv\u00e9e"}]},{"@type":"WebSite","@id":"https:\/\/www.istrix.be\/fr\/#website","url":"https:\/\/www.istrix.be\/fr\/","name":"iStrix","description":"iStrix | Votre partenaire pour la vente de produits de\u00a0bricolage\u00a0!","publisher":{"@id":"https:\/\/www.istrix.be\/fr\/#organization"},"potentialAction":[{"@type":"SearchAction","target":{"@type":"EntryPoint","urlTemplate":"https:\/\/www.istrix.be\/fr\/?s={search_term_string}"},"query-input":"required name=search_term_string"}],"inLanguage":"nl-NL"},{"@type":"Organization","@id":"https:\/\/www.istrix.be\/fr\/#organization","name":"iStrix","url":"https:\/\/www.istrix.be\/fr\/","logo":{"@type":"ImageObject","inLanguage":"nl-NL","@id":"https:\/\/www.istrix.be\/fr\/#\/schema\/logo\/image\/","url":"https:\/\/www.istrix.be\/fr\/wp-content\/uploads\/2024\/02\/cropped-icon.png","contentUrl":"https:\/\/www.istrix.be\/fr\/wp-content\/uploads\/2024\/02\/cropped-icon.png","width":776,"height":256,"caption":"iStrix"},"image":{"@id":"https:\/\/www.istrix.be\/fr\/#\/schema\/logo\/image\/"}}]}},"_links":{"self":[{"href":"https:\/\/www.istrix.be\/fr\/index.php\/wp-json\/wp\/v2\/pages\/94","targetHints":{"allow":["GET"]}}],"collection":[{"href":"https:\/\/www.istrix.be\/fr\/index.php\/wp-json\/wp\/v2\/pages"}],"about":[{"href":"https:\/\/www.istrix.be\/fr\/index.php\/wp-json\/wp\/v2\/types\/page"}],"author":[{"embeddable":true,"href":"https:\/\/www.istrix.be\/fr\/index.php\/wp-json\/wp\/v2\/users\/1"}],"replies":[{"embeddable":true,"href":"https:\/\/www.istrix.be\/fr\/index.php\/wp-json\/wp\/v2\/comments?post=94"}],"version-history":[{"count":3,"href":"https:\/\/www.istrix.be\/fr\/index.php\/wp-json\/wp\/v2\/pages\/94\/revisions"}],"predecessor-version":[{"id":261,"href":"https:\/\/www.istrix.be\/fr\/index.php\/wp-json\/wp\/v2\/pages\/94\/revisions\/261"}],"wp:attachment":[{"href":"https:\/\/www.istrix.be\/fr\/index.php\/wp-json\/wp\/v2\/media?parent=94"}],"curies":[{"name":"wp","href":"https:\/\/api.w.org\/{rel}","templated":true}]}}