{"id":24,"date":"2024-02-27T20:29:22","date_gmt":"2024-02-27T20:29:22","guid":{"rendered":"https:\/\/www.istrix.be\/wordpress\/?page_id=24"},"modified":"2024-04-17T16:34:23","modified_gmt":"2024-04-17T16:34:23","slug":"24-2","status":"publish","type":"page","link":"https:\/\/www.istrix.be\/fr\/","title":{"rendered":""},"content":{"rendered":"\n<div id=\"nous\"><\/div>\n\n\n\n<div class=\"wp-block-columns is-layout-flex wp-container-core-columns-is-layout-28f84493 wp-block-columns-is-layout-flex\">\n<div class=\"wp-block-column is-layout-flow wp-block-column-is-layout-flow\">\n<h2 class=\"wp-block-heading\"><strong>Notre offre : qualit\u00e9 et diversit\u00e9<\/strong><\/h2>\n\n\n\n<p>iStrix est connu pour sa large gamme de produits, allant des outils et mat\u00e9riaux de construction aux produits de jardinage et \u00e0 l&#8217;ameublement. Nos produits sont soigneusement s\u00e9lectionn\u00e9s pour r\u00e9pondre aux normes \u00e9lev\u00e9es que vous et vos clients attendez. Qu&#8217;il s&#8217;agisse d&#8217;outils innovants, de mat\u00e9riaux de construction durables ou de d\u00e9coration d&#8217;int\u00e9rieur tendance, iStrix offre qualit\u00e9 et diversit\u00e9 dans chaque produit.<\/p>\n<\/div>\n\n\n\n<div class=\"wp-block-column is-layout-flow wp-block-column-is-layout-flow\">\n<figure class=\"wp-block-image alignright size-full is-resized\"><img loading=\"lazy\" decoding=\"async\" width=\"576\" height=\"563\" src=\"https:\/\/www.istrix.be\/fr\/wp-content\/uploads\/2024\/03\/aanbod1.png\" alt=\"\" class=\"wp-image-264\" style=\"width:459px;height:auto\" srcset=\"https:\/\/www.istrix.be\/fr\/wp-content\/uploads\/2024\/03\/aanbod1.png 576w, https:\/\/www.istrix.be\/fr\/wp-content\/uploads\/2024\/03\/aanbod1-300x293.png 300w\" sizes=\"auto, (max-width: 576px) 100vw, 576px\" \/><\/figure>\n<\/div>\n<\/div>\n\n\n\n<div class=\"wp-block-columns is-layout-flex wp-container-core-columns-is-layout-28f84493 wp-block-columns-is-layout-flex\">\n<div class=\"wp-block-column is-layout-flow wp-block-column-is-layout-flow\">\n<figure class=\"wp-block-image size-full is-resized\"><img loading=\"lazy\" decoding=\"async\" width=\"576\" height=\"805\" src=\"https:\/\/www.istrix.be\/fr\/wp-content\/uploads\/2024\/03\/aanbod2.jpeg\" alt=\"\" class=\"wp-image-263\" style=\"width:416px;height:auto\" srcset=\"https:\/\/www.istrix.be\/fr\/wp-content\/uploads\/2024\/03\/aanbod2.jpeg 576w, https:\/\/www.istrix.be\/fr\/wp-content\/uploads\/2024\/03\/aanbod2-215x300.jpeg 215w\" sizes=\"auto, (max-width: 576px) 100vw, 576px\" \/><\/figure>\n<\/div>\n\n\n\n<div class=\"wp-block-column is-layout-flow wp-block-column-is-layout-flow\">\n<h2 class=\"wp-block-heading\"><strong>Exclusivit\u00e9 pour les magasins : prix de gros et service<\/strong><\/h2>\n\n\n\n<p>Chez iStrix, nous nous concentrons sur le soutien aux magasins de d\u00e9tail. C&#8217;est pourquoi nous proposons des prix de gros comp\u00e9titifs et un excellent service. Notre \u00e9quipe d\u00e9vou\u00e9e est pr\u00eate \u00e0 vous aider \u00e0 trouver les bons produits pour votre gamme et \u00e0 assurer une logistique sans faille. Avec iStrix comme partenaire grossiste, vous pouvez vous concentrer sur la croissance de votre entreprise.<\/p>\n<\/div>\n<\/div>\n\n\n\n<div id=\"marques\"><\/div>\n\n\n\n<div style=\"height:100px\" aria-hidden=\"true\" class=\"wp-block-spacer\"><\/div>\n\n\n\n<h2 class=\"wp-block-heading has-text-align-center\"><strong>Nos marques<\/strong><\/h2>\n\n\n\n<p class=\"has-text-align-center\">Chez iStrix, la fiabilit\u00e9 du service et la qualit\u00e9 sup\u00e9rieure sont primordiales.<br>Nous nous engageons \u00e0 vous proposer une gamme soigneusement s\u00e9lectionn\u00e9e des meilleures marques.<\/p>\n\n\n\t\n\t\t<div id=\"gs_logo_area_2\" class=\"gs_logo_area gs_logo_area_2 slider1\" style=\"opacity: 0; visibility: hidden;\">\n\t\t\t<div class=\"gs_logo_area--inner\">\n\t\n\t\t\t\t\n<div class=\"gs_logo_container gs_carousel_swiper gs_logo_fix_height_and_center\" data-carousel-config='{\"direction\":\"horizontal\",\"speed\":500,\"isAutoplay\":true,\"autoplayDelay\":2000,\"loop\":true,\"pauseOnHover\":true,\"ticker\":false,\"navs\":true,\"navs_pos\":\"bottom\",\"dots\":false,\"dynamic_dots\":true,\"slideSpace\":10,\"slidesPerGroup\":1,\"desktopLogos\":5,\"tabletLogos\":3,\"mobileLogos\":2,\"reverseDirection\":false}'>\n\n\t\n\t\t\n\t\t\t<div class=\"gs_logo_single--wrapper\">\n\t\t\t\t<div class=\"gs_logo_single\">\n\n\t\t\t\t\t<!-- Logo Img -->\n\t\t\t\t\t<img loading=\"lazy\" decoding=\"async\" width=\"768\" height=\"195\" src=\"https:\/\/www.istrix.be\/fr\/wp-content\/uploads\/2025\/05\/logo_no_bg.png\" class=\"gs_logo--tooltip gs-logo--img wp-post-image\" alt=\"\" title=\"iStrix\" srcset=\"https:\/\/www.istrix.be\/fr\/wp-content\/uploads\/2025\/05\/logo_no_bg.png 1400w, https:\/\/www.istrix.be\/fr\/wp-content\/uploads\/2025\/05\/logo_no_bg-300x76.png 300w, https:\/\/www.istrix.be\/fr\/wp-content\/uploads\/2025\/05\/logo_no_bg-1024x260.png 1024w\" sizes=\"auto, 100vw\" \/>\n\t\t\t\t\t<!-- Logo Title -->\n\t\t\t\t\t\t\t\t\t\t\n\t\t\t\t\t<!-- Logo Category -->\n\t\t\t\t\t<div class=\"gs_logo_cats\"><\/div>\t\t\t\t\t\n\t\t\t\t<\/div>\n\t\t\t<\/div>\n\n\t\t\n\t\t\t<div class=\"gs_logo_single--wrapper\">\n\t\t\t\t<div class=\"gs_logo_single\">\n\n\t\t\t\t\t<!-- Logo Img -->\n\t\t\t\t\t<img loading=\"lazy\" decoding=\"async\" width=\"228\" height=\"228\" src=\"https:\/\/www.istrix.be\/fr\/wp-content\/uploads\/2024\/03\/cellfast-logo-2.png\" class=\"gs_logo--tooltip gs-logo--img wp-post-image\" alt=\"\" title=\"cellfast\" srcset=\"https:\/\/www.istrix.be\/fr\/wp-content\/uploads\/2024\/03\/cellfast-logo-2.png 228w, https:\/\/www.istrix.be\/fr\/wp-content\/uploads\/2024\/03\/cellfast-logo-2-150x150.png 150w\" sizes=\"auto, 100vw\" \/>\n\t\t\t\t\t<!-- Logo Title -->\n\t\t\t\t\t\t\t\t\t\t\n\t\t\t\t\t<!-- Logo Category -->\n\t\t\t\t\t<div class=\"gs_logo_cats\"><\/div>\t\t\t\t\t\n\t\t\t\t<\/div>\n\t\t\t<\/div>\n\n\t\t\n\t\t\t<div class=\"gs_logo_single--wrapper\">\n\t\t\t\t<div class=\"gs_logo_single\">\n\n\t\t\t\t\t<!-- Logo Img -->\n\t\t\t\t\t<img loading=\"lazy\" decoding=\"async\" width=\"576\" height=\"125\" src=\"https:\/\/www.istrix.be\/fr\/wp-content\/uploads\/2024\/03\/geko_logo-1.png\" class=\"gs_logo--tooltip gs-logo--img wp-post-image\" alt=\"\" title=\"geko\" srcset=\"https:\/\/www.istrix.be\/fr\/wp-content\/uploads\/2024\/03\/geko_logo-1.png 576w, https:\/\/www.istrix.be\/fr\/wp-content\/uploads\/2024\/03\/geko_logo-1-300x65.png 300w\" sizes=\"auto, 100vw\" \/>\n\t\t\t\t\t<!-- Logo Title -->\n\t\t\t\t\t\t\t\t\t\t\n\t\t\t\t\t<!-- Logo Category -->\n\t\t\t\t\t<div class=\"gs_logo_cats\"><\/div>\t\t\t\t\t\n\t\t\t\t<\/div>\n\t\t\t<\/div>\n\n\t\t\n\t\t\t<div class=\"gs_logo_single--wrapper\">\n\t\t\t\t<div class=\"gs_logo_single\">\n\n\t\t\t\t\t<!-- Logo Img -->\n\t\t\t\t\t<img loading=\"lazy\" decoding=\"async\" width=\"425\" height=\"118\" src=\"https:\/\/www.istrix.be\/fr\/wp-content\/uploads\/2024\/03\/biodur_logo-1.png\" class=\"gs_logo--tooltip gs-logo--img wp-post-image\" alt=\"\" title=\"biodur\" srcset=\"https:\/\/www.istrix.be\/fr\/wp-content\/uploads\/2024\/03\/biodur_logo-1.png 425w, https:\/\/www.istrix.be\/fr\/wp-content\/uploads\/2024\/03\/biodur_logo-1-300x83.png 300w\" sizes=\"auto, 100vw\" \/>\n\t\t\t\t\t<!-- Logo Title -->\n\t\t\t\t\t\t\t\t\t\t\n\t\t\t\t\t<!-- Logo Category -->\n\t\t\t\t\t<div class=\"gs_logo_cats\"><\/div>\t\t\t\t\t\n\t\t\t\t<\/div>\n\t\t\t<\/div>\n\n\t\t\n\t\t\t<div class=\"gs_logo_single--wrapper\">\n\t\t\t\t<div class=\"gs_logo_single\">\n\n\t\t\t\t\t<!-- Logo Img -->\n\t\t\t\t\t<img loading=\"lazy\" decoding=\"async\" width=\"552\" height=\"118\" src=\"https:\/\/www.istrix.be\/fr\/wp-content\/uploads\/2024\/03\/euromaster_logo-1.png\" class=\"gs_logo--tooltip gs-logo--img wp-post-image\" alt=\"\" title=\"euromaster\" srcset=\"https:\/\/www.istrix.be\/fr\/wp-content\/uploads\/2024\/03\/euromaster_logo-1.png 552w, https:\/\/www.istrix.be\/fr\/wp-content\/uploads\/2024\/03\/euromaster_logo-1-300x64.png 300w\" sizes=\"auto, 100vw\" \/>\n\t\t\t\t\t<!-- Logo Title -->\n\t\t\t\t\t\t\t\t\t\t\n\t\t\t\t\t<!-- Logo Category -->\n\t\t\t\t\t<div class=\"gs_logo_cats\"><\/div>\t\t\t\t\t\n\t\t\t\t<\/div>\n\t\t\t<\/div>\n\n\t\t\n\t\t\t<div class=\"gs_logo_single--wrapper\">\n\t\t\t\t<div class=\"gs_logo_single\">\n\n\t\t\t\t\t<!-- Logo Img -->\n\t\t\t\t\t<img loading=\"lazy\" decoding=\"async\" width=\"300\" height=\"221\" src=\"https:\/\/www.istrix.be\/fr\/wp-content\/uploads\/2024\/03\/wd40_logo.png\" class=\"gs_logo--tooltip gs-logo--img wp-post-image\" alt=\"\" title=\"wd-40\" sizes=\"auto, 100vw\" \/>\n\t\t\t\t\t<!-- Logo Title -->\n\t\t\t\t\t\t\t\t\t\t\n\t\t\t\t\t<!-- Logo Category -->\n\t\t\t\t\t<div class=\"gs_logo_cats\"><\/div>\t\t\t\t\t\n\t\t\t\t<\/div>\n\t\t\t<\/div>\n\n\t\t\n\t\t\t<div class=\"gs_logo_single--wrapper\">\n\t\t\t\t<div class=\"gs_logo_single\">\n\n\t\t\t\t\t<!-- Logo Img -->\n\t\t\t\t\t<img loading=\"lazy\" decoding=\"async\" width=\"300\" height=\"149\" src=\"https:\/\/www.istrix.be\/fr\/wp-content\/uploads\/2024\/03\/krause_logo.png\" class=\"gs_logo--tooltip gs-logo--img wp-post-image\" alt=\"\" title=\"krause\" sizes=\"auto, 100vw\" \/>\n\t\t\t\t\t<!-- Logo Title -->\n\t\t\t\t\t\t\t\t\t\t\n\t\t\t\t\t<!-- Logo Category -->\n\t\t\t\t\t<div class=\"gs_logo_cats\"><\/div>\t\t\t\t\t\n\t\t\t\t<\/div>\n\t\t\t<\/div>\n\n\t\t\n\t\t\t<div class=\"gs_logo_single--wrapper\">\n\t\t\t\t<div class=\"gs_logo_single\">\n\n\t\t\t\t\t<!-- Logo Img -->\n\t\t\t\t\t<img loading=\"lazy\" decoding=\"async\" width=\"240\" height=\"130\" src=\"https:\/\/www.istrix.be\/fr\/wp-content\/uploads\/2024\/03\/grosfillex_logo.png\" class=\"gs_logo--tooltip gs-logo--img wp-post-image\" alt=\"\" title=\"grosfillex\" sizes=\"auto, 100vw\" \/>\n\t\t\t\t\t<!-- Logo Title -->\n\t\t\t\t\t\t\t\t\t\t\n\t\t\t\t\t<!-- Logo Category -->\n\t\t\t\t\t<div class=\"gs_logo_cats\"><\/div>\t\t\t\t\t\n\t\t\t\t<\/div>\n\t\t\t<\/div>\n\n\t\t\n\t\t\t<div class=\"gs_logo_single--wrapper\">\n\t\t\t\t<div class=\"gs_logo_single\">\n\n\t\t\t\t\t<!-- Logo Img -->\n\t\t\t\t\t\n\t\t\t\t\t<!-- Logo Title -->\n\t\t\t\t\t\t\t\t\t\t\n\t\t\t\t\t<!-- Logo Category -->\n\t\t\t\t\t<div class=\"gs_logo_cats\"><\/div>\t\t\t\t\t\n\t\t\t\t<\/div>\n\t\t\t<\/div>\n\n\t\t\t\t\n\t\n<\/div>\t\t\t<\/div>\n\t\t<\/div>\n\t\n\t\t<style>#gs_logo_area_2:not(.verticaltickerdown):not(.verticalticker) .gs_logo_container{margin-left:-5px}#gs_logo_area_2:not(.verticaltickerdown):not(.verticalticker) .gs_logo_container{margin-right:-5px}#gs_logo_area_2:not(.verticaltickerdown):not(.verticalticker) .gs_logo_single--wrapper{padding:5px}#gs_logo_area_2 ul.gs-logo-filter-cats{text-align:center!important}#gs_logo_area_2 .gs_logo_single--wrapper{width:20%}@media (max-width:1023px){#gs_logo_area_2 .gs_logo_single--wrapper{width:33.333333333333%}}@media (max-width:767px){#gs_logo_area_2 .gs_logo_single--wrapper{width:50%}}<\/style>\n\n\n<div id=\"catalogue\"><\/div>\n<div id=\"contact\"><\/div>\n\n\n\n<div style=\"height:100px\" aria-hidden=\"true\" class=\"wp-block-spacer\"><\/div>\n\n\n\n<h2 class=\"wp-block-heading has-text-align-center\"><strong>Contact et demande de catalogue<\/strong><\/h2>\n\n\n\n<p class=\"has-text-align-center\">Vous avez des questions ou vous souhaitez recevoir notre dernier catalogue ?&nbsp;<br>N&#8217;h\u00e9sitez pas \u00e0 nous en faire part !&nbsp;<br>Remplissez le formulaire ci-dessous et nous vous contacterons dans les plus brefs d\u00e9lais.<\/p>\n\n\n\n<div class=\"wp-block-columns is-layout-flex wp-container-core-columns-is-layout-28f84493 wp-block-columns-is-layout-flex\">\n<div class=\"wp-block-column is-layout-flow wp-block-column-is-layout-flow\" style=\"flex-basis:25%\">\n<div style=\"height:100px\" aria-hidden=\"true\" class=\"wp-block-spacer\"><\/div>\n<\/div>\n\n\n\n<div class=\"wp-block-column is-layout-flow wp-block-column-is-layout-flow\" style=\"flex-basis:50%\">\n<div class=\"wp-block-group has-global-padding is-layout-constrained wp-block-group-is-layout-constrained\">\n<div class=\"wp-block-group has-global-padding is-layout-constrained wp-block-group-is-layout-constrained\">\n<div class=\"wpcf7 no-js\" id=\"wpcf7-f6-o1\" lang=\"nl-NL\" dir=\"ltr\" data-wpcf7-id=\"6\">\n<div class=\"screen-reader-response\"><p role=\"status\" aria-live=\"polite\" aria-atomic=\"true\"><\/p> <ul><\/ul><\/div>\n<form action=\"\/fr\/index.php\/wp-json\/wp\/v2\/pages\/24#wpcf7-f6-o1\" method=\"post\" class=\"wpcf7-form init\" aria-label=\"Contactformulier\" novalidate=\"novalidate\" data-status=\"init\">\n<div style=\"display: none;\">\n<input type=\"hidden\" name=\"_wpcf7\" value=\"6\" \/>\n<input type=\"hidden\" name=\"_wpcf7_version\" value=\"6.0.6\" \/>\n<input type=\"hidden\" name=\"_wpcf7_locale\" value=\"nl_NL\" \/>\n<input type=\"hidden\" name=\"_wpcf7_unit_tag\" value=\"wpcf7-f6-o1\" \/>\n<input type=\"hidden\" name=\"_wpcf7_container_post\" value=\"0\" \/>\n<input type=\"hidden\" name=\"_wpcf7_posted_data_hash\" value=\"\" \/>\n<\/div>\n<p><label>Votre nom (obligatoire)<br \/>\n<span class=\"wpcf7-form-control-wrap\" data-name=\"your-name\"><input size=\"40\" maxlength=\"400\" class=\"wpcf7-form-control wpcf7-text wpcf7-validates-as-required\" autocomplete=\"name\" aria-required=\"true\" aria-invalid=\"false\" placeholder=\"Votre nom\" value=\"\" type=\"text\" name=\"your-name\" \/><\/span> <\/label>\n<\/p>\n<p><label>Num\u00e9ro de t\u00e9l\u00e9phone (obligatoire)<br \/>\n<span class=\"wpcf7-form-control-wrap\" data-name=\"your-telephone\"><input size=\"40\" maxlength=\"400\" class=\"wpcf7-form-control wpcf7-tel wpcf7-validates-as-required wpcf7-text wpcf7-validates-as-tel\" autocomplete=\"telephone\" aria-required=\"true\" aria-invalid=\"false\" placeholder=\"T\u00e9l\u00e9phone\" value=\"\" type=\"tel\" name=\"your-telephone\" \/><\/span> <\/label>\n<\/p>\n<p><label>Adresse email (obligatoire)<br \/>\n<span class=\"wpcf7-form-control-wrap\" data-name=\"your-email\"><input size=\"40\" maxlength=\"400\" class=\"wpcf7-form-control wpcf7-email wpcf7-validates-as-required wpcf7-text wpcf7-validates-as-email\" autocomplete=\"email\" aria-required=\"true\" aria-invalid=\"false\" placeholder=\"Email\" value=\"\" type=\"email\" name=\"your-email\" \/><\/span> <\/label>\n<\/p>\n<p><label>Nom de l'entreprise<br \/>\n<span class=\"wpcf7-form-control-wrap\" data-name=\"your-company\"><input size=\"40\" maxlength=\"400\" class=\"wpcf7-form-control wpcf7-text\" autocomplete=\"company\" aria-invalid=\"false\" placeholder=\"Nom de l&#039;entreprise\" value=\"\" type=\"text\" name=\"your-company\" \/><\/span><\/label>\n<\/p>\n<p><label>Nom de rue + ville<br \/>\n<span class=\"wpcf7-form-control-wrap\" data-name=\"your-street\"><input size=\"40\" maxlength=\"400\" class=\"wpcf7-form-control wpcf7-text\" autocomplete=\"street\" aria-invalid=\"false\" placeholder=\"Rue + ville\" value=\"\" type=\"text\" name=\"your-street\" \/><\/span><\/label>\n<\/p>\n<p><label>Votre message<br \/>\n<span class=\"wpcf7-form-control-wrap\" data-name=\"your-message\"><textarea cols=\"40\" rows=\"10\" maxlength=\"2000\" class=\"wpcf7-form-control wpcf7-textarea wpcf7-validates-as-required\" aria-required=\"true\" aria-invalid=\"false\" placeholder=\"Message\" name=\"your-message\"><\/textarea><\/span><\/label>\n<\/p>\n<div class=\"novalidate\">\n\t<p><span class=\"wpcf7-form-control-wrap\" data-name=\"checkbox-privacy\"><span class=\"wpcf7-form-control wpcf7-checkbox wpcf7-validates-as-required\"><span class=\"wpcf7-list-item first last\"><input type=\"checkbox\" name=\"checkbox-privacy[]\" value=\"Oui, j&#039;ai lu et approuv\u00e9 la politique en mati\u00e8re de cookies et de respect de la vie priv\u00e9e.\" \/><span class=\"wpcf7-list-item-label\">Oui, j&#039;ai lu et approuv\u00e9 la politique en mati\u00e8re de cookies et de respect de la vie priv\u00e9e.<\/span><\/span><\/span><\/span><a href=\"https:\/\/www.istrix.be\/fr\/index.php\/cookie-en-privacybeleid\/\" target=\"_blank\">(lees het hier)<\/a><br \/>\n<span class=\"wpcf7-form-control-wrap\" data-name=\"checkbox-catalogus\"><span class=\"wpcf7-form-control wpcf7-checkbox\"><span class=\"wpcf7-list-item first last\"><input type=\"checkbox\" name=\"checkbox-catalogus[]\" value=\"Oui, je souhaite recevoir le catalogue avec les prix\" \/><span class=\"wpcf7-list-item-label\">Oui, je souhaite recevoir le catalogue avec les prix<\/span><\/span><\/span><\/span>\n\t<\/p>\n<\/div>\n<p><input class=\"wpcf7-form-control wpcf7-submit has-spinner\" type=\"submit\" value=\"Envoyer\" \/>\n<\/p><div class=\"wpcf7-response-output\" aria-hidden=\"true\"><\/div>\n<\/form>\n<\/div>\n\n<\/div>\n<\/div>\n<\/div>\n\n\n\n<div class=\"wp-block-column is-layout-flow wp-block-column-is-layout-flow\" style=\"flex-basis:25%\">\n<div style=\"height:100px\" aria-hidden=\"true\" class=\"wp-block-spacer\"><\/div>\n<\/div>\n<\/div>\n\n\n\n<div style=\"height:100px\" aria-hidden=\"true\" class=\"wp-block-spacer\"><\/div>\n\n\n\n<figure class=\"wp-block-image alignfull size-large\"><img loading=\"lazy\" decoding=\"async\" width=\"1024\" height=\"269\" src=\"https:\/\/www.istrix.be\/fr\/wp-content\/uploads\/2024\/03\/footer_lighter-1-1024x269.jpeg\" alt=\"\" class=\"wp-image-284\" srcset=\"https:\/\/www.istrix.be\/fr\/wp-content\/uploads\/2024\/03\/footer_lighter-1-1024x269.jpeg 1024w, https:\/\/www.istrix.be\/fr\/wp-content\/uploads\/2024\/03\/footer_lighter-1-300x79.jpeg 300w, https:\/\/www.istrix.be\/fr\/wp-content\/uploads\/2024\/03\/footer_lighter-1.jpeg 1920w\" sizes=\"auto, (max-width: 1024px) 100vw, 1024px\" \/><\/figure>\n","protected":false},"excerpt":{"rendered":"<p>Notre offre : qualit\u00e9 et diversit\u00e9 iStrix est connu pour sa large gamme de produits, allant des outils et mat\u00e9riaux de construction aux produits de jardinage et \u00e0 l&#8217;ameublement. Nos produits sont soigneusement s\u00e9lectionn\u00e9s pour r\u00e9pondre aux normes \u00e9lev\u00e9es que vous et vos clients attendez. Qu&#8217;il s&#8217;agisse d&#8217;outils innovants, de mat\u00e9riaux de construction durables ou &hellip; <\/p>\n<p class=\"link-more\"><a href=\"https:\/\/www.istrix.be\/fr\/\" class=\"more-link\">Lees meer<span class=\"screen-reader-text\"> &#8220;&#8221;<\/span><\/a><\/p>\n","protected":false},"author":1,"featured_media":0,"parent":0,"menu_order":0,"comment_status":"closed","ping_status":"closed","template":"","meta":{"footnotes":""},"class_list":["post-24","page","type-page","status-publish","hentry"],"yoast_head":"<!-- This site is optimized with the Yoast SEO plugin v22.1 - https:\/\/yoast.com\/wordpress\/plugins\/seo\/ -->\r\n<title>- iStrix<\/title>\r\n<meta name=\"robots\" content=\"noindex, follow, max-snippet:-1, max-image-preview:large, max-video-preview:-1\" \/>\r\n<meta property=\"og:locale\" content=\"nl_NL\" \/>\r\n<meta property=\"og:type\" content=\"article\" \/>\r\n<meta property=\"og:title\" content=\"- iStrix\" \/>\r\n<meta property=\"og:description\" content=\"Notre offre : qualit\u00e9 et diversit\u00e9 iStrix est connu pour sa large gamme de produits, allant des outils et mat\u00e9riaux de construction aux produits de jardinage et \u00e0 l&#8217;ameublement. Nos produits sont soigneusement s\u00e9lectionn\u00e9s pour r\u00e9pondre aux normes \u00e9lev\u00e9es que vous et vos clients attendez. Qu&#8217;il s&#8217;agisse d&#8217;outils innovants, de mat\u00e9riaux de construction durables ou &hellip; Lees meer &quot;&quot;\" \/>\r\n<meta property=\"og:url\" content=\"https:\/\/www.istrix.be\/fr\/\" \/>\r\n<meta property=\"og:site_name\" content=\"iStrix\" \/>\r\n<meta property=\"article:modified_time\" content=\"2024-04-17T16:34:23+00:00\" \/>\r\n<meta property=\"og:image\" content=\"https:\/\/www.istrix.be\/fr\/wp-content\/uploads\/2024\/03\/aanbod1.png\" \/>\r\n<meta name=\"twitter:card\" content=\"summary_large_image\" \/>\r\n<meta name=\"twitter:label1\" content=\"Geschatte leestijd\" \/>\n\t<meta name=\"twitter:data1\" content=\"2 minuten\" \/>\r\n<script type=\"application\/ld+json\" class=\"yoast-schema-graph\">{\"@context\":\"https:\/\/schema.org\",\"@graph\":[{\"@type\":\"WebPage\",\"@id\":\"https:\/\/www.istrix.be\/fr\/\",\"url\":\"https:\/\/www.istrix.be\/fr\/\",\"name\":\"- iStrix\",\"isPartOf\":{\"@id\":\"https:\/\/www.istrix.be\/fr\/#website\"},\"datePublished\":\"2024-02-27T20:29:22+00:00\",\"dateModified\":\"2024-04-17T16:34:23+00:00\",\"inLanguage\":\"nl-NL\",\"potentialAction\":[{\"@type\":\"ReadAction\",\"target\":[\"https:\/\/www.istrix.be\/fr\/\"]}]},{\"@type\":\"WebSite\",\"@id\":\"https:\/\/www.istrix.be\/fr\/#website\",\"url\":\"https:\/\/www.istrix.be\/fr\/\",\"name\":\"iStrix\",\"description\":\"iStrix | Votre partenaire pour la vente de produits de\u00a0bricolage\u00a0!\",\"publisher\":{\"@id\":\"https:\/\/www.istrix.be\/fr\/#organization\"},\"potentialAction\":[{\"@type\":\"SearchAction\",\"target\":{\"@type\":\"EntryPoint\",\"urlTemplate\":\"https:\/\/www.istrix.be\/fr\/?s={search_term_string}\"},\"query-input\":\"required name=search_term_string\"}],\"inLanguage\":\"nl-NL\"},{\"@type\":\"Organization\",\"@id\":\"https:\/\/www.istrix.be\/fr\/#organization\",\"name\":\"iStrix\",\"url\":\"https:\/\/www.istrix.be\/fr\/\",\"logo\":{\"@type\":\"ImageObject\",\"inLanguage\":\"nl-NL\",\"@id\":\"https:\/\/www.istrix.be\/fr\/#\/schema\/logo\/image\/\",\"url\":\"https:\/\/www.istrix.be\/fr\/wp-content\/uploads\/2024\/02\/cropped-icon.png\",\"contentUrl\":\"https:\/\/www.istrix.be\/fr\/wp-content\/uploads\/2024\/02\/cropped-icon.png\",\"width\":776,\"height\":256,\"caption\":\"iStrix\"},\"image\":{\"@id\":\"https:\/\/www.istrix.be\/fr\/#\/schema\/logo\/image\/\"}}]}<\/script>\r\n<!-- \/ Yoast SEO plugin. -->","yoast_head_json":{"title":"- iStrix","robots":{"index":"noindex","follow":"follow","max-snippet":"max-snippet:-1","max-image-preview":"max-image-preview:large","max-video-preview":"max-video-preview:-1"},"og_locale":"nl_NL","og_type":"article","og_title":"- iStrix","og_description":"Notre offre : qualit\u00e9 et diversit\u00e9 iStrix est connu pour sa large gamme de produits, allant des outils et mat\u00e9riaux de construction aux produits de jardinage et \u00e0 l&#8217;ameublement. Nos produits sont soigneusement s\u00e9lectionn\u00e9s pour r\u00e9pondre aux normes \u00e9lev\u00e9es que vous et vos clients attendez. Qu&#8217;il s&#8217;agisse d&#8217;outils innovants, de mat\u00e9riaux de construction durables ou &hellip; Lees meer \"\"","og_url":"https:\/\/www.istrix.be\/fr\/","og_site_name":"iStrix","article_modified_time":"2024-04-17T16:34:23+00:00","og_image":[{"url":"https:\/\/www.istrix.be\/fr\/wp-content\/uploads\/2024\/03\/aanbod1.png"}],"twitter_card":"summary_large_image","twitter_misc":{"Geschatte leestijd":"2 minuten"},"schema":{"@context":"https:\/\/schema.org","@graph":[{"@type":"WebPage","@id":"https:\/\/www.istrix.be\/fr\/","url":"https:\/\/www.istrix.be\/fr\/","name":"- iStrix","isPartOf":{"@id":"https:\/\/www.istrix.be\/fr\/#website"},"datePublished":"2024-02-27T20:29:22+00:00","dateModified":"2024-04-17T16:34:23+00:00","inLanguage":"nl-NL","potentialAction":[{"@type":"ReadAction","target":["https:\/\/www.istrix.be\/fr\/"]}]},{"@type":"WebSite","@id":"https:\/\/www.istrix.be\/fr\/#website","url":"https:\/\/www.istrix.be\/fr\/","name":"iStrix","description":"iStrix | Votre partenaire pour la vente de produits de\u00a0bricolage\u00a0!","publisher":{"@id":"https:\/\/www.istrix.be\/fr\/#organization"},"potentialAction":[{"@type":"SearchAction","target":{"@type":"EntryPoint","urlTemplate":"https:\/\/www.istrix.be\/fr\/?s={search_term_string}"},"query-input":"required name=search_term_string"}],"inLanguage":"nl-NL"},{"@type":"Organization","@id":"https:\/\/www.istrix.be\/fr\/#organization","name":"iStrix","url":"https:\/\/www.istrix.be\/fr\/","logo":{"@type":"ImageObject","inLanguage":"nl-NL","@id":"https:\/\/www.istrix.be\/fr\/#\/schema\/logo\/image\/","url":"https:\/\/www.istrix.be\/fr\/wp-content\/uploads\/2024\/02\/cropped-icon.png","contentUrl":"https:\/\/www.istrix.be\/fr\/wp-content\/uploads\/2024\/02\/cropped-icon.png","width":776,"height":256,"caption":"iStrix"},"image":{"@id":"https:\/\/www.istrix.be\/fr\/#\/schema\/logo\/image\/"}}]}},"_links":{"self":[{"href":"https:\/\/www.istrix.be\/fr\/index.php\/wp-json\/wp\/v2\/pages\/24","targetHints":{"allow":["GET"]}}],"collection":[{"href":"https:\/\/www.istrix.be\/fr\/index.php\/wp-json\/wp\/v2\/pages"}],"about":[{"href":"https:\/\/www.istrix.be\/fr\/index.php\/wp-json\/wp\/v2\/types\/page"}],"author":[{"embeddable":true,"href":"https:\/\/www.istrix.be\/fr\/index.php\/wp-json\/wp\/v2\/users\/1"}],"replies":[{"embeddable":true,"href":"https:\/\/www.istrix.be\/fr\/index.php\/wp-json\/wp\/v2\/comments?post=24"}],"version-history":[{"count":40,"href":"https:\/\/www.istrix.be\/fr\/index.php\/wp-json\/wp\/v2\/pages\/24\/revisions"}],"predecessor-version":[{"id":285,"href":"https:\/\/www.istrix.be\/fr\/index.php\/wp-json\/wp\/v2\/pages\/24\/revisions\/285"}],"wp:attachment":[{"href":"https:\/\/www.istrix.be\/fr\/index.php\/wp-json\/wp\/v2\/media?parent=24"}],"curies":[{"name":"wp","href":"https:\/\/api.w.org\/{rel}","templated":true}]}}